{"id":19,"date":"2022-01-15T14:13:34","date_gmt":"2022-01-15T14:13:34","guid":{"rendered":"https:\/\/orlando-project.org\/?page_id=19"},"modified":"2022-03-28T12:18:32","modified_gmt":"2022-03-28T12:18:32","slug":"contact","status":"publish","type":"page","link":"https:\/\/orlando-project.org\/?page_id=19","title":{"rendered":"Contact"},"content":{"rendered":"\n<p><\/p>\n\n\n\n<p>Orlando Project Germany<br>Gesch\u00e4ftsstelle<br>Karin Piening<br>Mainzer Stra\u00dfe 26<br>66111 Saarbr\u00fccken<br>Germany<\/p>\n\n\n\n<p>Orlando Project Switzerland<br>Gesch\u00e4ftsstelle<br>Alvaro Schoeck<br>Neugasse 33<br>8005 Z\u00fcrich<br>Switzerland<br><\/p>\n\n\n\n<p>Bankverbindung: Z\u00fcrcher Kantonalbank, Konto-Nr. 1148-5813.502, IBAN: CH55 0070 0114 8058 1350 2<\/p>\n\n\n\n<p>Mail: info@orlando-project.org<\/p>\n\n\n\n<div class=\"wp-block-buttons is-layout-flex wp-block-buttons-is-layout-flex\">\n<div class=\"wp-block-button\"><a class=\"wp-block-button__link\" href=\"https:\/\/orlando-project.org\/wp-content\/uploads\/2022\/03\/orlando_dossier-22-de.pdf\" target=\"_blank\" rel=\"noreferrer noopener\">Download Dossier (German)<\/a><\/div>\n<\/div>\n","protected":false},"excerpt":{"rendered":"<p>Orlando Project GermanyGesch\u00e4ftsstelleKarin PieningMainzer Stra\u00dfe 2666111 Saarbr\u00fcckenGermany Orlando Project SwitzerlandGesch\u00e4ftsstelleAlvaro SchoeckNeugasse 338005 Z\u00fcrichSwitzerland Bankverbindung: Z\u00fcrcher Kantonalbank, Konto-Nr. 1148-5813.502, IBAN: CH55 0070 0114 8058 1350 2 Mail: info@orlando-project.org<\/p>\n","protected":false},"author":1,"featured_media":0,"parent":0,"menu_order":0,"comment_status":"closed","ping_status":"closed","template":"","meta":{"neve_meta_sidebar":"","neve_meta_container":"","neve_meta_enable_content_width":"","neve_meta_content_width":0,"neve_meta_title_alignment":"","neve_meta_author_avatar":"","neve_post_elements_order":"","neve_meta_disable_header":"","neve_meta_disable_footer":"","neve_meta_disable_title":"","footnotes":""},"class_list":["post-19","page","type-page","status-publish","hentry"],"_links":{"self":[{"href":"https:\/\/orlando-project.org\/index.php?rest_route=\/wp\/v2\/pages\/19","targetHints":{"allow":["GET"]}}],"collection":[{"href":"https:\/\/orlando-project.org\/index.php?rest_route=\/wp\/v2\/pages"}],"about":[{"href":"https:\/\/orlando-project.org\/index.php?rest_route=\/wp\/v2\/types\/page"}],"author":[{"embeddable":true,"href":"https:\/\/orlando-project.org\/index.php?rest_route=\/wp\/v2\/users\/1"}],"replies":[{"embeddable":true,"href":"https:\/\/orlando-project.org\/index.php?rest_route=%2Fwp%2Fv2%2Fcomments&post=19"}],"version-history":[{"count":10,"href":"https:\/\/orlando-project.org\/index.php?rest_route=\/wp\/v2\/pages\/19\/revisions"}],"predecessor-version":[{"id":235,"href":"https:\/\/orlando-project.org\/index.php?rest_route=\/wp\/v2\/pages\/19\/revisions\/235"}],"wp:attachment":[{"href":"https:\/\/orlando-project.org\/index.php?rest_route=%2Fwp%2Fv2%2Fmedia&parent=19"}],"curies":[{"name":"wp","href":"https:\/\/api.w.org\/{rel}","templated":true}]}}