{"id":13,"date":"2022-01-15T14:12:43","date_gmt":"2022-01-15T14:12:43","guid":{"rendered":"https:\/\/orlando-project.org\/?page_id=13"},"modified":"2022-01-30T10:39:24","modified_gmt":"2022-01-30T10:39:24","slug":"history","status":"publish","type":"page","link":"https:\/\/orlando-project.org\/?page_id=13","title":{"rendered":"History"},"content":{"rendered":"\n<p><\/p>\n\n\n\n<p>Twenty years ago, an artists&#8217; collective organised workshops for young adults from different countries in cooperation with the Red Cross Sombor in Ba\u010dki Mono\u0161tor for the first time. Over more than a decade, the Project took place directly at the EU&#8217;s external border in a beautiful area close to the Danube.<\/p>\n\n\n\n<figure class=\"wp-block-image size-full\"><img loading=\"lazy\" decoding=\"async\" width=\"591\" height=\"385\" src=\"https:\/\/orlando-project.org\/wp-content\/uploads\/2022\/01\/camp.jpg\" alt=\"\" class=\"wp-image-124\" srcset=\"https:\/\/orlando-project.org\/wp-content\/uploads\/2022\/01\/camp.jpg 591w, https:\/\/orlando-project.org\/wp-content\/uploads\/2022\/01\/camp-300x195.jpg 300w\" sizes=\"auto, (max-width: 591px) 100vw, 591px\" \/><\/figure>\n\n\n\n<p><strong>Camp for Cultural Exchange, Respect and Tolerance<\/strong><br>Ba\u010dki Mono\u0161tor 2002 &#8211; 2013<\/p>\n\n\n\n<p>The Sombor Red Cross and the Swiss organisation Common Causes Bodensee-Rhein have been working together successfully for more than ten years, organising this cultural youth exchange camp. Some members of the <em>Orlando<\/em> project management team have been part of this camp since its beginnings.<\/p>\n\n\n\n<figure class=\"wp-block-image size-full\"><img loading=\"lazy\" decoding=\"async\" width=\"591\" height=\"394\" src=\"https:\/\/orlando-project.org\/wp-content\/uploads\/2022\/01\/volleyball.jpg\" alt=\"\" class=\"wp-image-190\" srcset=\"https:\/\/orlando-project.org\/wp-content\/uploads\/2022\/01\/volleyball.jpg 591w, https:\/\/orlando-project.org\/wp-content\/uploads\/2022\/01\/volleyball-300x200.jpg 300w\" sizes=\"auto, (max-width: 591px) 100vw, 591px\" \/><\/figure>\n\n\n\n<p>The main goal was to improve the communication between young people of different nationalities through various creative workshops (theater, music, newspaper, radio, animated films, etc.). The target group consisted of young adults between 18 and 25 years old from all parts of former Yugoslavia and other European countries (Germany, Hungary, Switzerland). Besides the unique experience of having achieved an individual creative result, one of the main successes of the camp were long-lasting friendships and a network across all borders of Europe.<\/p>\n\n\n\n<figure class=\"wp-block-image size-full\"><img loading=\"lazy\" decoding=\"async\" width=\"591\" height=\"394\" src=\"https:\/\/orlando-project.org\/wp-content\/uploads\/2022\/01\/breaf.jpg\" alt=\"\" class=\"wp-image-186\" srcset=\"https:\/\/orlando-project.org\/wp-content\/uploads\/2022\/01\/breaf.jpg 591w, https:\/\/orlando-project.org\/wp-content\/uploads\/2022\/01\/breaf-300x200.jpg 300w\" sizes=\"auto, (max-width: 591px) 100vw, 591px\" \/><\/figure>\n\n\n\n<p>It was in 2013 when opera dramaturg Dr. Merle Fahrholz and opera director Alvaro Schoeck conceived the idea of an educational opera project. In 2014 they launched it as a pilot project in Ba\u010dki Mono\u0161tor together with the internationally renowend opera singer Marijana Mijanovi\u0107 as musical coach. The result was so overwhelmingly positive that they scheduled another round, this time in Belgrade and in co-production with the Belgrade Baroque Academy, with a professionally staged opera production at the Madlenianum Belgrade following the workshops.<\/p>\n\n\n\n<figure class=\"wp-block-image size-full\"><img loading=\"lazy\" decoding=\"async\" width=\"591\" height=\"394\" src=\"https:\/\/orlando-project.org\/wp-content\/uploads\/2022\/01\/movement.jpg\" alt=\"\" class=\"wp-image-188\" srcset=\"https:\/\/orlando-project.org\/wp-content\/uploads\/2022\/01\/movement.jpg 591w, https:\/\/orlando-project.org\/wp-content\/uploads\/2022\/01\/movement-300x200.jpg 300w\" sizes=\"auto, (max-width: 591px) 100vw, 591px\" \/><\/figure>\n\n\n\n<p><strong>Catching Fire &#8211; Haendel on the Road<\/strong><br>Ba\u010dki Mono\u0161tor 2014<\/p>\n\n\n\n<p>Based on the experience of the previous camps, we expanded the creative work by introducing the educational opera project <em>Catching Fire &#8211; Haendel on the Road<\/em>. Young people and professional musicians were challenged to access their own emotional spaces through the music of Georg Frideric Handel. Through this individual and contemporary approach, the participants created a new and unique way of performing opera. The result was publicly presented at the Bodrog Fest in Ba\u010dki Mono\u0161tor.<\/p>\n\n\n\n<figure class=\"wp-block-image size-full\"><img loading=\"lazy\" decoding=\"async\" width=\"591\" height=\"394\" src=\"https:\/\/orlando-project.org\/wp-content\/uploads\/2022\/01\/movement_variation.jpg\" alt=\"\" class=\"wp-image-187\" srcset=\"https:\/\/orlando-project.org\/wp-content\/uploads\/2022\/01\/movement_variation.jpg 591w, https:\/\/orlando-project.org\/wp-content\/uploads\/2022\/01\/movement_variation-300x200.jpg 300w\" sizes=\"auto, (max-width: 591px) 100vw, 591px\" \/><\/figure>\n\n\n\n<p><strong>Catching Fire<\/strong><br>Belgrade 2015<\/p>\n\n\n\n<p>Workshop in cooperation with the New Belgrade Opera: preparation of the production of \u201eOrlando\u201c by George Frideric Handel by opera director Alvaro Schoeck with animated video projections by Michaela M\u00fcller.<\/p>\n\n\n\n<figure class=\"wp-block-image size-full\"><img loading=\"lazy\" decoding=\"async\" width=\"591\" height=\"394\" src=\"https:\/\/orlando-project.org\/wp-content\/uploads\/2022\/01\/performance.jpg\" alt=\"\" class=\"wp-image-189\" srcset=\"https:\/\/orlando-project.org\/wp-content\/uploads\/2022\/01\/performance.jpg 591w, https:\/\/orlando-project.org\/wp-content\/uploads\/2022\/01\/performance-300x200.jpg 300w\" sizes=\"auto, (max-width: 591px) 100vw, 591px\" \/><\/figure>\n","protected":false},"excerpt":{"rendered":"<p>Twenty years ago, an artists&#8217; collective organised workshops for young adults from different countries in cooperation with the Red Cross Sombor in Ba\u010dki Mono\u0161tor for the first time. Over more than a decade, the Project took place directly at the EU&#8217;s external border in a beautiful area close to the Danube. Camp for Cultural Exchange,&hellip;&nbsp;<a href=\"https:\/\/orlando-project.org\/?page_id=13\" rel=\"bookmark\">Read More &raquo;<span class=\"screen-reader-text\">History<\/span><\/a><\/p>\n","protected":false},"author":1,"featured_media":0,"parent":0,"menu_order":0,"comment_status":"closed","ping_status":"closed","template":"","meta":{"neve_meta_sidebar":"","neve_meta_container":"","neve_meta_enable_content_width":"","neve_meta_content_width":0,"neve_meta_title_alignment":"","neve_meta_author_avatar":"","neve_post_elements_order":"","neve_meta_disable_header":"","neve_meta_disable_footer":"","neve_meta_disable_title":"","footnotes":""},"class_list":["post-13","page","type-page","status-publish","hentry"],"_links":{"self":[{"href":"https:\/\/orlando-project.org\/index.php?rest_route=\/wp\/v2\/pages\/13","targetHints":{"allow":["GET"]}}],"collection":[{"href":"https:\/\/orlando-project.org\/index.php?rest_route=\/wp\/v2\/pages"}],"about":[{"href":"https:\/\/orlando-project.org\/index.php?rest_route=\/wp\/v2\/types\/page"}],"author":[{"embeddable":true,"href":"https:\/\/orlando-project.org\/index.php?rest_route=\/wp\/v2\/users\/1"}],"replies":[{"embeddable":true,"href":"https:\/\/orlando-project.org\/index.php?rest_route=%2Fwp%2Fv2%2Fcomments&post=13"}],"version-history":[{"count":16,"href":"https:\/\/orlando-project.org\/index.php?rest_route=\/wp\/v2\/pages\/13\/revisions"}],"predecessor-version":[{"id":195,"href":"https:\/\/orlando-project.org\/index.php?rest_route=\/wp\/v2\/pages\/13\/revisions\/195"}],"wp:attachment":[{"href":"https:\/\/orlando-project.org\/index.php?rest_route=%2Fwp%2Fv2%2Fmedia&parent=13"}],"curies":[{"name":"wp","href":"https:\/\/api.w.org\/{rel}","templated":true}]}}